{"id":401,"date":"2026-02-16T11:18:49","date_gmt":"2026-02-16T10:18:49","guid":{"rendered":"http:\/\/www.leo-dasilva-icb.fr\/?page_id=401"},"modified":"2026-02-16T12:02:44","modified_gmt":"2026-02-16T11:02:44","slug":"challenges","status":"publish","type":"page","link":"https:\/\/www.leo-dasilva-icb.fr\/index.php\/challenges\/","title":{"rendered":"Challenges"},"content":{"rendered":"\t\t<div data-elementor-type=\"wp-page\" data-elementor-id=\"401\" class=\"elementor elementor-401\">\n\t\t\t\t<div class=\"elementor-element elementor-element-81df476 e-flex e-con-boxed wpr-particle-no wpr-jarallax-no wpr-parallax-no wpr-sticky-section-no e-con e-parent\" data-id=\"81df476\" data-element_type=\"container\" data-e-type=\"container\">\n\t\t\t\t\t<div class=\"e-con-inner\">\n\t\t\t\t<div class=\"elementor-element elementor-element-3a86936 elementor-widget elementor-widget-heading\" data-id=\"3a86936\" data-element_type=\"widget\" data-e-type=\"widget\" data-widget_type=\"heading.default\">\n\t\t\t\t<div class=\"elementor-widget-container\">\n\t\t\t\t\t<h2 class=\"elementor-heading-title elementor-size-default\">CHALLENGE INTERNE<\/h2>\t\t\t\t<\/div>\n\t\t\t\t<\/div>\n\t\t\t\t\t<\/div>\n\t\t\t\t<\/div>\n\t\t<div class=\"elementor-element elementor-element-f8ef851 e-flex e-con-boxed wpr-particle-no wpr-jarallax-no wpr-parallax-no wpr-sticky-section-no e-con e-parent\" data-id=\"f8ef851\" data-element_type=\"container\" data-e-type=\"container\">\n\t\t\t\t\t<div class=\"e-con-inner\">\n\t\t<div class=\"elementor-element elementor-element-c1af1dd e-con-full e-flex wpr-particle-no wpr-jarallax-no wpr-parallax-no wpr-sticky-section-no e-con e-child\" data-id=\"c1af1dd\" data-element_type=\"container\" data-e-type=\"container\">\n\t\t\t\t<div class=\"elementor-element elementor-element-ce229f3 elementor-widget elementor-widget-text-editor\" data-id=\"ce229f3\" data-element_type=\"widget\" data-e-type=\"widget\" data-widget_type=\"text-editor.default\">\n\t\t\t\t<div class=\"elementor-widget-container\">\n\t\t\t\t\t\t\t\t\t<p>Une semaine, une mission de taille, un commanditaire ambitieux et quatre co\u00e9quipiers d\u00e9termin\u00e9s : l\u2019\u00e9quipe La Ronde a relev\u00e9 le d\u00e9fi lanc\u00e9 par la Biscuiterie Billiotte ! \ud83c\udf6a<\/p><p>Maxance Vernay, Antoine Cacheux, Bastien Barthoulot, Alexis Huot Marchand et moi-m\u00eame avons plong\u00e9 au c\u0153ur de cet intense challenge, en mettant en \u0153uvre nos comp\u00e9tences en communication pour proposer des id\u00e9es percutantes, avec comme objectif principal : accro\u00eetre la notori\u00e9t\u00e9 de notre commanditaire.<\/p><p>Cette exp\u00e9rience immersive a \u00e9t\u00e9 bien plus qu\u2019un simple exercice : elle nous a appris \u00e0 g\u00e9rer un projet de bout en bout, avec des ressources limit\u00e9es et une ambition sans limite. \ud83d\udca1<\/p>\t\t\t\t\t\t\t\t<\/div>\n\t\t\t\t<\/div>\n\t\t\t\t<\/div>\n\t\t<div class=\"elementor-element elementor-element-a73b36a e-con-full e-flex wpr-particle-no wpr-jarallax-no wpr-parallax-no wpr-sticky-section-no e-con e-child\" data-id=\"a73b36a\" data-element_type=\"container\" data-e-type=\"container\">\n\t\t\t\t<div class=\"elementor-element elementor-element-f84bef4 elementor-widget elementor-widget-image\" data-id=\"f84bef4\" data-element_type=\"widget\" data-e-type=\"widget\" data-widget_type=\"image.default\">\n\t\t\t\t<div class=\"elementor-widget-container\">\n\t\t\t\t\t\t\t\t\t\t\t\t\t\t\t<img fetchpriority=\"high\" decoding=\"async\" width=\"768\" height=\"1024\" src=\"https:\/\/www.leo-dasilva-icb.fr\/wp-content\/uploads\/2026\/02\/MAGASIN-BILLIOTTE-BESANCON-2-scaled-1-768x1024.jpg\" class=\"attachment-medium_large size-medium_large wp-image-416\" alt=\"\" srcset=\"https:\/\/www.leo-dasilva-icb.fr\/wp-content\/uploads\/2026\/02\/MAGASIN-BILLIOTTE-BESANCON-2-scaled-1-768x1024.jpg 768w, https:\/\/www.leo-dasilva-icb.fr\/wp-content\/uploads\/2026\/02\/MAGASIN-BILLIOTTE-BESANCON-2-scaled-1-225x300.jpg 225w, https:\/\/www.leo-dasilva-icb.fr\/wp-content\/uploads\/2026\/02\/MAGASIN-BILLIOTTE-BESANCON-2-scaled-1-1152x1536.jpg 1152w, https:\/\/www.leo-dasilva-icb.fr\/wp-content\/uploads\/2026\/02\/MAGASIN-BILLIOTTE-BESANCON-2-scaled-1.jpg 1536w\" sizes=\"(max-width: 768px) 100vw, 768px\" \/>\t\t\t\t\t\t\t\t\t\t\t\t\t\t\t<\/div>\n\t\t\t\t<\/div>\n\t\t\t\t<\/div>\n\t\t\t\t\t<\/div>\n\t\t\t\t<\/div>\n\t\t<div class=\"elementor-element elementor-element-48a8f01 e-flex e-con-boxed wpr-particle-no wpr-jarallax-no wpr-parallax-no wpr-sticky-section-no e-con e-parent\" data-id=\"48a8f01\" data-element_type=\"container\" data-e-type=\"container\">\n\t\t\t\t\t<div class=\"e-con-inner\">\n\t\t\t\t<div class=\"elementor-element elementor-element-87c9a8f elementor-widget elementor-widget-heading\" data-id=\"87c9a8f\" data-element_type=\"widget\" data-e-type=\"widget\" data-widget_type=\"heading.default\">\n\t\t\t\t<div class=\"elementor-widget-container\">\n\t\t\t\t\t<h2 class=\"elementor-heading-title elementor-size-default\">CHALLENGE R\u00c9GIONAL<\/h2>\t\t\t\t<\/div>\n\t\t\t\t<\/div>\n\t\t\t\t\t<\/div>\n\t\t\t\t<\/div>\n\t\t<div class=\"elementor-element elementor-element-2397426 e-flex e-con-boxed wpr-particle-no wpr-jarallax-no wpr-parallax-no wpr-sticky-section-no e-con e-parent\" data-id=\"2397426\" data-element_type=\"container\" data-e-type=\"container\">\n\t\t\t\t\t<div class=\"e-con-inner\">\n\t\t<div class=\"elementor-element elementor-element-f5997d3 e-con-full e-flex wpr-particle-no wpr-jarallax-no wpr-parallax-no wpr-sticky-section-no e-con e-child\" data-id=\"f5997d3\" data-element_type=\"container\" data-e-type=\"container\">\n\t\t\t\t<div class=\"elementor-element elementor-element-67c556c elementor-widget elementor-widget-text-editor\" data-id=\"67c556c\" data-element_type=\"widget\" data-e-type=\"widget\" data-widget_type=\"text-editor.default\">\n\t\t\t\t<div class=\"elementor-widget-container\">\n\t\t\t\t\t\t\t\t\t<p>Notre \u00e9quipe ATALANTE, compos\u00e9e de Camille Schad, Maxance Vernay, Antoine Cacheux, Lou Schwager, L\u00e9o Grosjean et moi-m\u00eame, a relev\u00e9 le d\u00e9fi du Challenge r\u00e9gional pour ParcoCycles.<br \/><br \/>\ud83c\udfaf L\u2019objectif ? Concevoir une campagne de communication autour de leurs nouveaux v\u00e9los \u00e9lectriques, avec pour signature : \u00ab\u00a0Roulez l\u00e9ger, roulez malin\u00a0\u00bb. Nous avons mis en avant la l\u00e9g\u00e8ret\u00e9 et l\u2019innovation de ces v\u00e9los \u00e0 travers une strat\u00e9gie multicanale.<br \/><br \/>Cette exp\u00e9rience nous a permis de :<br \/><br \/>\u2022 \u231b\ufe0f Apprendre \u00e0 g\u00e9rer des d\u00e9lais serr\u00e9s.<br \/>\u2022 \ud83d\udde3\ufe0f Valoriser le travail d\u2019\u00e9quipe.<br \/>\u2022 \ud83d\udcda Appliquer nos connaissances th\u00e9oriques \u00e0 un projet concret.<br \/><br \/>Un grand merci \u00e0 mon \u00e9quipe pour son engagement et \u00e0 ParcoCycles. Une belle aventure pleine de cr\u00e9ativit\u00e9 et de collaboration ! \ud83d\udeb4\u200d\u2640\ufe0f\u2728<\/p>\t\t\t\t\t\t\t\t<\/div>\n\t\t\t\t<\/div>\n\t\t\t\t<\/div>\n\t\t<div class=\"elementor-element elementor-element-bc97c38 e-con-full e-flex wpr-particle-no wpr-jarallax-no wpr-parallax-no wpr-sticky-section-no e-con e-child\" data-id=\"bc97c38\" data-element_type=\"container\" data-e-type=\"container\">\n\t\t\t\t<div class=\"elementor-element elementor-element-00db87a elementor-widget__width-inherit elementor-widget elementor-widget-image\" data-id=\"00db87a\" data-element_type=\"widget\" data-e-type=\"widget\" data-widget_type=\"image.default\">\n\t\t\t\t<div class=\"elementor-widget-container\">\n\t\t\t\t\t\t\t\t\t\t\t\t\t\t\t<img decoding=\"async\" width=\"1920\" height=\"1280\" src=\"https:\/\/www.leo-dasilva-icb.fr\/wp-content\/uploads\/2026\/02\/1733512359858.jpg\" class=\"attachment-full size-full wp-image-425\" alt=\"\" srcset=\"https:\/\/www.leo-dasilva-icb.fr\/wp-content\/uploads\/2026\/02\/1733512359858.jpg 1920w, https:\/\/www.leo-dasilva-icb.fr\/wp-content\/uploads\/2026\/02\/1733512359858-300x200.jpg 300w, https:\/\/www.leo-dasilva-icb.fr\/wp-content\/uploads\/2026\/02\/1733512359858-1024x683.jpg 1024w, https:\/\/www.leo-dasilva-icb.fr\/wp-content\/uploads\/2026\/02\/1733512359858-768x512.jpg 768w, https:\/\/www.leo-dasilva-icb.fr\/wp-content\/uploads\/2026\/02\/1733512359858-1536x1024.jpg 1536w\" sizes=\"(max-width: 1920px) 100vw, 1920px\" \/>\t\t\t\t\t\t\t\t\t\t\t\t\t\t\t<\/div>\n\t\t\t\t<\/div>\n\t\t\t\t<\/div>\n\t\t\t\t\t<\/div>\n\t\t\t\t<\/div>\n\t\t<div class=\"elementor-element elementor-element-9277da8 e-flex e-con-boxed wpr-particle-no wpr-jarallax-no wpr-parallax-no wpr-sticky-section-no e-con e-parent\" data-id=\"9277da8\" data-element_type=\"container\" data-e-type=\"container\">\n\t\t\t\t\t<div class=\"e-con-inner\">\n\t\t\t\t<div class=\"elementor-element elementor-element-f321270 elementor-widget elementor-widget-heading\" data-id=\"f321270\" data-element_type=\"widget\" data-e-type=\"widget\" data-widget_type=\"heading.default\">\n\t\t\t\t<div class=\"elementor-widget-container\">\n\t\t\t\t\t<h2 class=\"elementor-heading-title elementor-size-default\">CHALLENGE NATIONAL<\/h2>\t\t\t\t<\/div>\n\t\t\t\t<\/div>\n\t\t\t\t\t<\/div>\n\t\t\t\t<\/div>\n\t\t<div class=\"elementor-element elementor-element-3d75839 e-flex e-con-boxed wpr-particle-no wpr-jarallax-no wpr-parallax-no wpr-sticky-section-no e-con e-parent\" data-id=\"3d75839\" data-element_type=\"container\" data-e-type=\"container\">\n\t\t\t\t\t<div class=\"e-con-inner\">\n\t\t<div class=\"elementor-element elementor-element-6920a6e e-con-full e-flex wpr-particle-no wpr-jarallax-no wpr-parallax-no wpr-sticky-section-no e-con e-child\" data-id=\"6920a6e\" data-element_type=\"container\" data-e-type=\"container\">\n\t\t\t\t<div class=\"elementor-element elementor-element-5774c77 elementor-widget elementor-widget-text-editor\" data-id=\"5774c77\" data-element_type=\"widget\" data-e-type=\"widget\" data-widget_type=\"text-editor.default\">\n\t\t\t\t<div class=\"elementor-widget-container\">\n\t\t\t\t\t\t\t\t\t<p>Une semaine intense\u2026 mais r\u00e9ussie !<\/p><p>Du 10 au 17 mars, nous avons relev\u00e9 notre troisi\u00e8me et dernier challenge de la publicit\u00e9 dans le cadre de notre formation (un d\u00e9fi de taille, puisqu\u2019il s\u2019agissait cette fois d\u2019un challenge national).<\/p><p>Le brief ? Re\u00e7u le dimanche 9 mars \u00e0 18h.<br \/>L\u2019objectif ? Imaginer une strat\u00e9gie de communication innovante, align\u00e9e avec les valeurs de la marque, mais capable de se d\u00e9marquer.<br \/>Le client ? Spoon and Room, une marque parisienne de meubles modulables.<\/p><p>Et\u2026 on l\u2019a fait \ud83d\udcaa<br \/><br \/>Nous avons r\u00e9ussi, pour la deuxi\u00e8me fois, \u00e0 atteindre la finale interne !<\/p>\t\t\t\t\t\t\t\t<\/div>\n\t\t\t\t<\/div>\n\t\t\t\t<\/div>\n\t\t<div class=\"elementor-element elementor-element-8aed604 e-con-full e-flex wpr-particle-no wpr-jarallax-no wpr-parallax-no wpr-sticky-section-no e-con e-child\" data-id=\"8aed604\" data-element_type=\"container\" data-e-type=\"container\">\n\t\t\t\t<div class=\"elementor-element elementor-element-518d604 elementor-widget__width-inherit elementor-widget elementor-widget-image\" data-id=\"518d604\" data-element_type=\"widget\" data-e-type=\"widget\" data-widget_type=\"image.default\">\n\t\t\t\t<div class=\"elementor-widget-container\">\n\t\t\t\t\t\t\t\t\t\t\t\t\t\t\t<img decoding=\"async\" width=\"2560\" height=\"1706\" src=\"https:\/\/www.leo-dasilva-icb.fr\/wp-content\/uploads\/2026\/02\/1-SpoonRoom-scaled-1.jpeg\" class=\"attachment-full size-full wp-image-426\" alt=\"\" srcset=\"https:\/\/www.leo-dasilva-icb.fr\/wp-content\/uploads\/2026\/02\/1-SpoonRoom-scaled-1.jpeg 2560w, https:\/\/www.leo-dasilva-icb.fr\/wp-content\/uploads\/2026\/02\/1-SpoonRoom-scaled-1-300x200.jpeg 300w, https:\/\/www.leo-dasilva-icb.fr\/wp-content\/uploads\/2026\/02\/1-SpoonRoom-scaled-1-1024x682.jpeg 1024w, https:\/\/www.leo-dasilva-icb.fr\/wp-content\/uploads\/2026\/02\/1-SpoonRoom-scaled-1-768x512.jpeg 768w, https:\/\/www.leo-dasilva-icb.fr\/wp-content\/uploads\/2026\/02\/1-SpoonRoom-scaled-1-1536x1024.jpeg 1536w, https:\/\/www.leo-dasilva-icb.fr\/wp-content\/uploads\/2026\/02\/1-SpoonRoom-scaled-1-2048x1365.jpeg 2048w\" sizes=\"(max-width: 2560px) 100vw, 2560px\" \/>\t\t\t\t\t\t\t\t\t\t\t\t\t\t\t<\/div>\n\t\t\t\t<\/div>\n\t\t\t\t<\/div>\n\t\t\t\t\t<\/div>\n\t\t\t\t<\/div>\n\t\t<div class=\"elementor-element elementor-element-d6287b4 e-flex e-con-boxed wpr-particle-no wpr-jarallax-no wpr-parallax-no wpr-sticky-section-no e-con e-parent\" data-id=\"d6287b4\" data-element_type=\"container\" data-e-type=\"container\">\n\t\t\t\t\t<div class=\"e-con-inner\">\n\t\t\t\t<div class=\"elementor-element elementor-element-272369e elementor-widget elementor-widget-heading\" data-id=\"272369e\" data-element_type=\"widget\" data-e-type=\"widget\" data-widget_type=\"heading.default\">\n\t\t\t\t<div class=\"elementor-widget-container\">\n\t\t\t\t\t<h2 class=\"elementor-heading-title elementor-size-default\">WORSHOP B to B<\/h2>\t\t\t\t<\/div>\n\t\t\t\t<\/div>\n\t\t\t\t\t<\/div>\n\t\t\t\t<\/div>\n\t\t<div class=\"elementor-element elementor-element-7f307c3 e-flex e-con-boxed wpr-particle-no wpr-jarallax-no wpr-parallax-no wpr-sticky-section-no e-con e-parent\" data-id=\"7f307c3\" data-element_type=\"container\" data-e-type=\"container\">\n\t\t\t\t\t<div class=\"e-con-inner\">\n\t\t<div class=\"elementor-element elementor-element-a104c7a e-con-full e-flex wpr-particle-no wpr-jarallax-no wpr-parallax-no wpr-sticky-section-no e-con e-child\" data-id=\"a104c7a\" data-element_type=\"container\" data-e-type=\"container\">\n\t\t\t\t<div class=\"elementor-element elementor-element-6aea7b7 elementor-widget elementor-widget-text-editor\" data-id=\"6aea7b7\" data-element_type=\"widget\" data-e-type=\"widget\" data-widget_type=\"text-editor.default\">\n\t\t\t\t<div class=\"elementor-widget-container\">\n\t\t\t\t\t\t\t\t\t<p>La semaine du 20 octobre,\u00a0 avons rassembler tous nos esprits cr\u00e9atifs afin de rendre un projet qui se d\u00e9marque des autres.\u00a0<\/p><p>Nous avons re\u00e7u le brief d\u2019un commanditaire 13%, et nous avons d\u00fb r\u00e9pondre, en une semaine, avec une strat\u00e9gie de communication complexe mais compl\u00e8te.<br \/>Nous avons eu des doutes, des id\u00e9es folles, des moments de concentration.<\/p><p>Le vendredi 7 novembre matin, nous avons pr\u00e9sent\u00e9 notre projet \u00e0 l\u2019oral devant un jury.<\/p>\t\t\t\t\t\t\t\t<\/div>\n\t\t\t\t<\/div>\n\t\t\t\t<\/div>\n\t\t<div class=\"elementor-element elementor-element-f2b4443 e-con-full e-flex wpr-particle-no wpr-jarallax-no wpr-parallax-no wpr-sticky-section-no e-con e-child\" data-id=\"f2b4443\" data-element_type=\"container\" data-e-type=\"container\">\n\t\t\t\t<div class=\"elementor-element elementor-element-4daa938 elementor-widget__width-inherit elementor-widget elementor-widget-image\" data-id=\"4daa938\" data-element_type=\"widget\" data-e-type=\"widget\" data-widget_type=\"image.default\">\n\t\t\t\t<div class=\"elementor-widget-container\">\n\t\t\t\t\t\t\t\t\t\t\t\t\t\t\t<img loading=\"lazy\" decoding=\"async\" width=\"578\" height=\"634\" src=\"https:\/\/www.leo-dasilva-icb.fr\/wp-content\/uploads\/2026\/02\/Logo-blanc-vertical.png\" class=\"attachment-full size-full wp-image-432\" alt=\"\" srcset=\"https:\/\/www.leo-dasilva-icb.fr\/wp-content\/uploads\/2026\/02\/Logo-blanc-vertical.png 578w, https:\/\/www.leo-dasilva-icb.fr\/wp-content\/uploads\/2026\/02\/Logo-blanc-vertical-274x300.png 274w\" sizes=\"(max-width: 578px) 100vw, 578px\" \/>\t\t\t\t\t\t\t\t\t\t\t\t\t\t\t<\/div>\n\t\t\t\t<\/div>\n\t\t\t\t<\/div>\n\t\t\t\t\t<\/div>\n\t\t\t\t<\/div>\n\t\t\t\t<\/div>\n\t\t","protected":false},"excerpt":{"rendered":"<p>CHALLENGE INTERNE Une semaine, une mission de taille, un commanditaire ambitieux et quatre co\u00e9quipiers d\u00e9termin\u00e9s : l\u2019\u00e9quipe La Ronde a relev\u00e9 le d\u00e9fi lanc\u00e9 par la Biscuiterie Billiotte ! \ud83c\udf6a Maxance Vernay, Antoine Cacheux, Bastien Barthoulot, Alexis Huot Marchand et moi-m\u00eame avons plong\u00e9 au c\u0153ur de cet intense challenge, en mettant en \u0153uvre nos comp\u00e9tences en communication pour proposer des id\u00e9es percutantes, avec comme objectif principal : accro\u00eetre la notori\u00e9t\u00e9 de notre commanditaire. Cette exp\u00e9rience immersive a \u00e9t\u00e9 bien plus qu\u2019un simple exercice : elle nous a appris \u00e0 g\u00e9rer un projet de bout en bout, avec des ressources limit\u00e9es et une ambition sans limite. \ud83d\udca1 CHALLENGE R\u00c9GIONAL Notre \u00e9quipe ATALANTE, compos\u00e9e de Camille Schad, Maxance Vernay, Antoine Cacheux, Lou Schwager, L\u00e9o Grosjean et moi-m\u00eame, a relev\u00e9 le d\u00e9fi du Challenge r\u00e9gional pour ParcoCycles. \ud83c\udfaf L\u2019objectif ? Concevoir une campagne de communication autour de leurs nouveaux v\u00e9los \u00e9lectriques, avec pour signature : \u00ab\u00a0Roulez l\u00e9ger, roulez malin\u00a0\u00bb. Nous avons mis en avant la l\u00e9g\u00e8ret\u00e9 et l\u2019innovation de ces v\u00e9los \u00e0 travers une strat\u00e9gie multicanale. Cette exp\u00e9rience nous a permis de : \u2022 \u231b\ufe0f Apprendre \u00e0 g\u00e9rer des d\u00e9lais serr\u00e9s.\u2022 \ud83d\udde3\ufe0f Valoriser le travail d\u2019\u00e9quipe.\u2022 \ud83d\udcda Appliquer nos connaissances th\u00e9oriques \u00e0 un projet concret. Un grand merci \u00e0 mon \u00e9quipe pour son engagement et \u00e0 ParcoCycles. Une belle aventure pleine de cr\u00e9ativit\u00e9 et de collaboration ! \ud83d\udeb4\u200d\u2640\ufe0f\u2728 CHALLENGE NATIONAL Une semaine intense\u2026 mais r\u00e9ussie ! Du 10 au 17 mars, nous avons relev\u00e9 notre troisi\u00e8me et dernier challenge de la publicit\u00e9 dans le cadre de notre formation (un d\u00e9fi de taille, puisqu\u2019il s\u2019agissait cette fois d\u2019un challenge national). Le brief ? Re\u00e7u le dimanche 9 mars \u00e0 18h.L\u2019objectif ? Imaginer une strat\u00e9gie de communication innovante, align\u00e9e avec les valeurs de la marque, mais capable de se d\u00e9marquer.Le client ? Spoon and Room, une marque parisienne de meubles modulables. Et\u2026 on l\u2019a fait \ud83d\udcaa Nous avons r\u00e9ussi, pour la deuxi\u00e8me fois, \u00e0 atteindre la finale interne ! WORSHOP B to B La semaine du 20 octobre,\u00a0 avons rassembler tous nos esprits cr\u00e9atifs afin de rendre un projet qui se d\u00e9marque des autres.\u00a0 Nous avons re\u00e7u le brief d\u2019un commanditaire 13%, et nous avons d\u00fb r\u00e9pondre, en une semaine, avec une strat\u00e9gie de communication complexe mais compl\u00e8te.Nous avons eu des doutes, des id\u00e9es folles, des moments de concentration. Le vendredi 7 novembre matin, nous avons pr\u00e9sent\u00e9 notre projet \u00e0 l\u2019oral devant un jury.<\/p>\n","protected":false},"author":1,"featured_media":0,"parent":0,"menu_order":0,"comment_status":"closed","ping_status":"closed","template":"","meta":{"footnotes":""},"class_list":["post-401","page","type-page","status-publish","hentry"],"_links":{"self":[{"href":"https:\/\/www.leo-dasilva-icb.fr\/index.php\/wp-json\/wp\/v2\/pages\/401","targetHints":{"allow":["GET"]}}],"collection":[{"href":"https:\/\/www.leo-dasilva-icb.fr\/index.php\/wp-json\/wp\/v2\/pages"}],"about":[{"href":"https:\/\/www.leo-dasilva-icb.fr\/index.php\/wp-json\/wp\/v2\/types\/page"}],"author":[{"embeddable":true,"href":"https:\/\/www.leo-dasilva-icb.fr\/index.php\/wp-json\/wp\/v2\/users\/1"}],"replies":[{"embeddable":true,"href":"https:\/\/www.leo-dasilva-icb.fr\/index.php\/wp-json\/wp\/v2\/comments?post=401"}],"version-history":[{"count":19,"href":"https:\/\/www.leo-dasilva-icb.fr\/index.php\/wp-json\/wp\/v2\/pages\/401\/revisions"}],"predecessor-version":[{"id":438,"href":"https:\/\/www.leo-dasilva-icb.fr\/index.php\/wp-json\/wp\/v2\/pages\/401\/revisions\/438"}],"wp:attachment":[{"href":"https:\/\/www.leo-dasilva-icb.fr\/index.php\/wp-json\/wp\/v2\/media?parent=401"}],"curies":[{"name":"wp","href":"https:\/\/api.w.org\/{rel}","templated":true}]}}