{"id":13,"date":"2024-12-12T15:25:21","date_gmt":"2024-12-12T14:25:21","guid":{"rendered":"http:\/\/www.leo-dasilva-icb.fr\/?page_id=13"},"modified":"2026-02-16T11:21:26","modified_gmt":"2026-02-16T10:21:26","slug":"accueil","status":"publish","type":"page","link":"https:\/\/www.leo-dasilva-icb.fr\/","title":{"rendered":"Accueil"},"content":{"rendered":"\t\t<div data-elementor-type=\"wp-page\" data-elementor-id=\"13\" class=\"elementor elementor-13\">\n\t\t\t\t<div class=\"elementor-element elementor-element-cc0847c e-flex e-con-boxed wpr-particle-no wpr-jarallax-no wpr-parallax-no wpr-sticky-section-no e-con e-parent\" data-id=\"cc0847c\" data-element_type=\"container\" data-e-type=\"container\">\n\t\t\t\t\t<div class=\"e-con-inner\">\n\t\t<div class=\"elementor-element elementor-element-406747c e-con-full e-flex wpr-particle-no wpr-jarallax-no wpr-parallax-no wpr-sticky-section-no e-con e-child\" data-id=\"406747c\" data-element_type=\"container\" data-e-type=\"container\">\n\t\t\t\t<div class=\"elementor-element elementor-element-f7adee1 elementor-invisible elementor-widget elementor-widget-image\" data-id=\"f7adee1\" data-element_type=\"widget\" data-e-type=\"widget\" data-settings=\"{&quot;_animation&quot;:&quot;rotateInUpRight&quot;}\" data-widget_type=\"image.default\">\n\t\t\t\t<div class=\"elementor-widget-container\">\n\t\t\t\t\t\t\t\t\t\t\t\t\t\t\t<img fetchpriority=\"high\" decoding=\"async\" width=\"552\" height=\"1024\" src=\"https:\/\/www.leo-dasilva-icb.fr\/wp-content\/uploads\/2024\/12\/photo-site_Plan-de-travail-1-552x1024.png\" class=\"elementor-animation-grow attachment-large size-large wp-image-80\" alt=\"\" srcset=\"https:\/\/www.leo-dasilva-icb.fr\/wp-content\/uploads\/2024\/12\/photo-site_Plan-de-travail-1-552x1024.png 552w, https:\/\/www.leo-dasilva-icb.fr\/wp-content\/uploads\/2024\/12\/photo-site_Plan-de-travail-1-162x300.png 162w, https:\/\/www.leo-dasilva-icb.fr\/wp-content\/uploads\/2024\/12\/photo-site_Plan-de-travail-1-768x1424.png 768w, https:\/\/www.leo-dasilva-icb.fr\/wp-content\/uploads\/2024\/12\/photo-site_Plan-de-travail-1-828x1536.png 828w, https:\/\/www.leo-dasilva-icb.fr\/wp-content\/uploads\/2024\/12\/photo-site_Plan-de-travail-1-1105x2048.png 1105w\" sizes=\"(max-width: 552px) 100vw, 552px\" \/>\t\t\t\t\t\t\t\t\t\t\t\t\t\t\t<\/div>\n\t\t\t\t<\/div>\n\t\t\t\t<\/div>\n\t\t<div class=\"elementor-element elementor-element-3ab6c52 e-con-full e-flex wpr-particle-no wpr-jarallax-no wpr-parallax-no wpr-sticky-section-no e-con e-child\" data-id=\"3ab6c52\" data-element_type=\"container\" data-e-type=\"container\">\n\t\t<div class=\"elementor-element elementor-element-95f948d e-con-full e-flex wpr-particle-no wpr-jarallax-no wpr-parallax-no wpr-sticky-section-no e-con e-child\" data-id=\"95f948d\" data-element_type=\"container\" data-e-type=\"container\">\n\t\t\t\t<div class=\"elementor-element elementor-element-adf6782 elementor-invisible elementor-widget elementor-widget-heading\" data-id=\"adf6782\" data-element_type=\"widget\" data-e-type=\"widget\" data-settings=\"{&quot;_animation&quot;:&quot;rotateInUpRight&quot;}\" data-widget_type=\"heading.default\">\n\t\t\t\t<div class=\"elementor-widget-container\">\n\t\t\t\t\t<h1 class=\"elementor-heading-title elementor-size-default\">ON FAIT CONNAISSANCE ?<\/h1>\t\t\t\t<\/div>\n\t\t\t\t<\/div>\n\t\t\t\t<\/div>\n\t\t<div class=\"elementor-element elementor-element-f278f88 e-con-full e-flex wpr-particle-no wpr-jarallax-no wpr-parallax-no wpr-sticky-section-no e-con e-child\" data-id=\"f278f88\" data-element_type=\"container\" data-e-type=\"container\">\n\t\t\t\t<div class=\"elementor-element elementor-element-7814fd5 elementor-widget__width-inherit elementor-invisible elementor-widget elementor-widget-text-editor\" data-id=\"7814fd5\" data-element_type=\"widget\" data-e-type=\"widget\" data-settings=\"{&quot;_animation&quot;:&quot;rotateInUpRight&quot;}\" data-widget_type=\"text-editor.default\">\n\t\t\t\t<div class=\"elementor-widget-container\">\n\t\t\t\t\t\t\t\t\t<p>Je me pr\u00e9sente. Moi, c\u2019est L\u00e9o, j\u2019ai 20 ans et je suis \u00e9tudiant en B.U.T. info-com, parcours publicit\u00e9, en troisi\u00e8me ann\u00e9e. J\u2019ai fait un bac STMG option marketing au lyc\u00e9e Victor Hugo \u00e0 Besan\u00e7on, ce qui m&rsquo;avait d\u00e9j\u00e0 introduit dans le monde de la pub. C\u2019est \u00e9galement le d\u00e9clencheur de ma pr\u00e9sence \u00e0 l\u2019universit\u00e9 aujourd\u2019hui !<\/p><p>Pour parler un peu plus de moi, je suis passionn\u00e9 par la pub et j\u2019appr\u00e9cie travailler \u00e0 l\u2019IUT. Extraverti, cr\u00e9atif et minutieux, je fais toujours en sorte de mener mes projets \u00e0 bien. Dans la vie, j\u2019ai de nombreux hobbies en dehors de l\u2019universit\u00e9 tels que la guitare, le dessin, ou encore, plus r\u00e9cemment, le cyber sigilism. Ces hobbies sont \u00e0 l\u2019origine de ma cr\u00e9ativit\u00e9 et me motivent \u00e0 m\u2019am\u00e9liorer de jour en jour, car on ne peut que s\u2019am\u00e9liorer !<\/p><p><strong>Maintenant que vous me connaissez mieux, je vous laisse d\u00e9couvrir l&rsquo;int\u00e9gralit\u00e9 de mon portfolio ainsi que mon CV si vous \u00eates int\u00e9ress\u00e9 !<\/strong><\/p>\t\t\t\t\t\t\t\t<\/div>\n\t\t\t\t<\/div>\n\t\t\t\t<\/div>\n\t\t\t\t<\/div>\n\t\t\t\t\t<\/div>\n\t\t\t\t<\/div>\n\t\t<div class=\"elementor-element elementor-element-e0ff6c2 e-con-full e-flex wpr-particle-no wpr-jarallax-no wpr-parallax-no wpr-sticky-section-no e-con e-parent\" data-id=\"e0ff6c2\" data-element_type=\"container\" data-e-type=\"container\">\n\t\t\t\t<div class=\"elementor-element elementor-element-6e696f1 elementor-align-left elementor-widget__width-initial elementor-invisible elementor-widget elementor-widget-button\" data-id=\"6e696f1\" data-element_type=\"widget\" data-e-type=\"widget\" data-settings=\"{&quot;_animation&quot;:&quot;fadeInLeft&quot;}\" data-widget_type=\"button.default\">\n\t\t\t\t<div class=\"elementor-widget-container\">\n\t\t\t\t\t\t\t\t\t<div class=\"elementor-button-wrapper\">\n\t\t\t\t\t<a class=\"elementor-button elementor-button-link elementor-size-sm elementor-animation-grow\" href=\"https:\/\/acrobat.adobe.com\/id\/urn:aaid:sc:VA6C2:99f7bb0a-8074-4d7c-8e63-fc08df07705e\" target=\"_blank\">\n\t\t\t\t\t\t<span class=\"elementor-button-content-wrapper\">\n\t\t\t\t\t\t\t\t\t<span class=\"elementor-button-text\">MON CV<\/span>\n\t\t\t\t\t<\/span>\n\t\t\t\t\t<\/a>\n\t\t\t\t<\/div>\n\t\t\t\t\t\t\t\t<\/div>\n\t\t\t\t<\/div>\n\t\t\t\t<\/div>\n\t\t\t\t<\/div>\n\t\t","protected":false},"excerpt":{"rendered":"<p>ON FAIT CONNAISSANCE ? Je me pr\u00e9sente. Moi, c\u2019est L\u00e9o, j\u2019ai 20 ans et je suis \u00e9tudiant en B.U.T. info-com, parcours publicit\u00e9, en troisi\u00e8me ann\u00e9e. J\u2019ai fait un bac STMG option marketing au lyc\u00e9e Victor Hugo \u00e0 Besan\u00e7on, ce qui m&rsquo;avait d\u00e9j\u00e0 introduit dans le monde de la pub. C\u2019est \u00e9galement le d\u00e9clencheur de ma pr\u00e9sence \u00e0 l\u2019universit\u00e9 aujourd\u2019hui ! Pour parler un peu plus de moi, je suis passionn\u00e9 par la pub et j\u2019appr\u00e9cie travailler \u00e0 l\u2019IUT. Extraverti, cr\u00e9atif et minutieux, je fais toujours en sorte de mener mes projets \u00e0 bien. Dans la vie, j\u2019ai de nombreux hobbies en dehors de l\u2019universit\u00e9 tels que la guitare, le dessin, ou encore, plus r\u00e9cemment, le cyber sigilism. Ces hobbies sont \u00e0 l\u2019origine de ma cr\u00e9ativit\u00e9 et me motivent \u00e0 m\u2019am\u00e9liorer de jour en jour, car on ne peut que s\u2019am\u00e9liorer ! Maintenant que vous me connaissez mieux, je vous laisse d\u00e9couvrir l&rsquo;int\u00e9gralit\u00e9 de mon portfolio ainsi que mon CV si vous \u00eates int\u00e9ress\u00e9 ! MON CV<\/p>\n","protected":false},"author":1,"featured_media":0,"parent":0,"menu_order":0,"comment_status":"closed","ping_status":"closed","template":"","meta":{"footnotes":""},"class_list":["post-13","page","type-page","status-publish","hentry"],"_links":{"self":[{"href":"https:\/\/www.leo-dasilva-icb.fr\/index.php\/wp-json\/wp\/v2\/pages\/13","targetHints":{"allow":["GET"]}}],"collection":[{"href":"https:\/\/www.leo-dasilva-icb.fr\/index.php\/wp-json\/wp\/v2\/pages"}],"about":[{"href":"https:\/\/www.leo-dasilva-icb.fr\/index.php\/wp-json\/wp\/v2\/types\/page"}],"author":[{"embeddable":true,"href":"https:\/\/www.leo-dasilva-icb.fr\/index.php\/wp-json\/wp\/v2\/users\/1"}],"replies":[{"embeddable":true,"href":"https:\/\/www.leo-dasilva-icb.fr\/index.php\/wp-json\/wp\/v2\/comments?post=13"}],"version-history":[{"count":80,"href":"https:\/\/www.leo-dasilva-icb.fr\/index.php\/wp-json\/wp\/v2\/pages\/13\/revisions"}],"predecessor-version":[{"id":420,"href":"https:\/\/www.leo-dasilva-icb.fr\/index.php\/wp-json\/wp\/v2\/pages\/13\/revisions\/420"}],"wp:attachment":[{"href":"https:\/\/www.leo-dasilva-icb.fr\/index.php\/wp-json\/wp\/v2\/media?parent=13"}],"curies":[{"name":"wp","href":"https:\/\/api.w.org\/{rel}","templated":true}]}}